

{"id":1953,"date":"2019-05-12T23:53:27","date_gmt":"2019-05-12T18:53:27","guid":{"rendered":"https:\/\/www.hybridsystem.ee\/?page_id=1953"},"modified":"2019-05-12T23:53:27","modified_gmt":"2019-05-12T18:53:27","slug":"miksi-valita-meidat","status":"publish","type":"page","link":"https:\/\/www.hybridsystem.ee\/fi\/miksi-valita-meidat\/","title":{"rendered":"MIKSI VALITA MEID\u00c4T?"},"content":{"rendered":"<p>[vc_row css_animation=&#8221;&#8221; row_type=&#8221;row&#8221; use_row_as_full_screen_section=&#8221;no&#8221; type=&#8221;grid&#8221; angled_section=&#8221;no&#8221; text_align=&#8221;left&#8221; background_image_as_pattern=&#8221;without_pattern&#8221; css=&#8221;.vc_custom_1536090424876{padding-top: 100px !important;padding-bottom: 60px !important;}&#8221; z_index=&#8221;&#8221;][vc_column][qode_elements_holder number_of_columns=&#8221;two_columns&#8221; switch_to_one_column=&#8221;1000&#8243;][qode_elements_holder_item item_padding=&#8221;0 25px 0 0&#8243; advanced_animations=&#8221;no&#8221;][vc_single_image image=&#8221;1468&#8243; img_size=&#8221;full&#8221; qode_css_animation=&#8221;&#8221; qode_hover_animation=&#8221;zoom_in&#8221;][\/qode_elements_holder_item][qode_elements_holder_item advanced_animations=&#8221;no&#8221; item_padding_1280_1440=&#8221;0 0 130px 25px&#8221; item_padding_1024_1280=&#8221;0 0 50px 25px&#8221; item_padding_600_768=&#8221;40px 0px 0px 0px&#8221; item_padding_480=&#8221;40px 0px 0px 0px&#8221;][vc_column_text]<\/p>\n<h2><strong>Tarjoamme helppoutta<br \/>\n<\/strong><\/h2>\n<p>[\/vc_column_text][vc_empty_space height=&#8221;27px&#8221;][vc_column_text]Me Hybrid Systemill\u00e4 keksimme Hybrid-kaivon tarjotaksemme k\u00e4tev\u00e4n ratkaisun sadevesi- ja salaojaj\u00e4rjestelmi\u00e4 varten. Mahdollistamme molempien j\u00e4rjestelmien asettamisen p\u00e4\u00e4llekk\u00e4in, n\u00e4in v\u00e4hent\u00e4en ty\u00f6st\u00e4 aiheutuvia kustannuksia ja kaivuun aiheuttamaa harmia joka lopulta vain tuhoaisi kotipihojen viheralueita. Monet yritykset eiv\u00e4t ole l\u00f6yt\u00e4neet viem\u00e4r\u00f6intiratkaisuja, jotka olisivat yht\u00e4 kest\u00e4vi\u00e4, taloudellisia, vaivattomia tai jotka aiheuttaisivat yht\u00e4 v\u00e4h\u00e4n vahinkoa ymp\u00e4rist\u00f6lle, ja joka hy\u00f6dytt\u00e4isi koko maailmaa. Koemme olevamme etuoikeutettuja voidessamme n\u00e4hd\u00e4 Hybrid-kaivon taustaidean ja saadessamme toteuttaa sen.[\/vc_column_text][vc_empty_space height=&#8221;35px&#8221;][\/qode_elements_holder_item][\/qode_elements_holder][\/vc_column][\/vc_row][vc_row css_animation=&#8221;&#8221; row_type=&#8221;row&#8221; use_row_as_full_screen_section=&#8221;no&#8221; type=&#8221;grid&#8221; angled_section=&#8221;no&#8221; text_align=&#8221;left&#8221; background_image_as_pattern=&#8221;without_pattern&#8221; css=&#8221;.vc_custom_1536090433106{padding-top: 30px !important;padding-bottom: 60px !important;}&#8221; z_index=&#8221;&#8221;][vc_column][qode_elements_holder number_of_columns=&#8221;two_columns&#8221; switch_to_one_column=&#8221;1000&#8243;][qode_elements_holder_item advanced_animations=&#8221;no&#8221; item_padding_1280_1440=&#8221;0 25px 130px 0px&#8221; item_padding_1024_1280=&#8221;0 25px 50px 0px&#8221; item_padding_600_768=&#8221;40px 0px 0px 0px&#8221;][vc_column_text]<\/p>\n<h2>Me olemme \u201cEkoja\u201d<\/h2>\n<p>[\/vc_column_text][vc_empty_space height=&#8221;27px&#8221;][vc_column_text]Uskomme, ett\u00e4 Hybrid-kaivon on yksi askel kohti parempaa tulevaisuutta. Sinun p\u00e4\u00e4t\u00f6ksesi valita Hybrid-kaivo ei ainoastaan auta meit\u00e4 markkinoimaan parempia ratkaisuja tulevaisuudessa, vaan se tukee my\u00f6skin oivaltavien ymp\u00e4rist\u00f6yst\u00e4v\u00e4llisten teknologioiden laajempaa hyv\u00e4ksynt\u00e4\u00e4 ja k\u00e4ytt\u00f6\u00f6nottoa. Kannustamme muovin kierr\u00e4tykseen. Kierr\u00e4tys on nyky\u00e4\u00e4n taloudellista. Sit\u00e4 on mahdollisuus my\u00f6s soveltaa laajemmassa mittakaavassa. Ensimm\u00e4isen tuotteemme valmistamiseen k\u00e4ytet\u00e4\u00e4n kierr\u00e4tysmuovia, jotta voimme antaa panoksemme puhtaamman ymp\u00e4rist\u00f6n luomiseen samalla kun luomme jotakin itsess\u00e4\u00e4n hy\u00f6dyllist\u00e4.[\/vc_column_text][vc_empty_space height=&#8221;35px&#8221;][\/qode_elements_holder_item][qode_elements_holder_item item_padding=&#8221;0 0px 0 25px&#8221; advanced_animations=&#8221;no&#8221; item_padding_600_768=&#8221;50px 0px 0 0px&#8221; item_padding_480=&#8221;50px 0px 0 0px&#8221;][vc_single_image image=&#8221;1522&#8243; img_size=&#8221;full&#8221; qode_css_animation=&#8221;&#8221; qode_hover_animation=&#8221;zoom_in&#8221;][\/qode_elements_holder_item][\/qode_elements_holder][\/vc_column][\/vc_row][vc_row css_animation=&#8221;&#8221; row_type=&#8221;row&#8221; use_row_as_full_screen_section=&#8221;no&#8221; type=&#8221;grid&#8221; angled_section=&#8221;no&#8221; text_align=&#8221;left&#8221; background_image_as_pattern=&#8221;without_pattern&#8221; css=&#8221;.vc_custom_1536090442034{padding-top: 40px !important;padding-bottom: 60px !important;}&#8221; z_index=&#8221;&#8221;][vc_column][qode_elements_holder number_of_columns=&#8221;two_columns&#8221; switch_to_one_column=&#8221;1000&#8243;][qode_elements_holder_item item_padding=&#8221;0 25px 0 0&#8243; advanced_animations=&#8221;no&#8221;][vc_single_image image=&#8221;1363&#8243; img_size=&#8221;full&#8221; qode_css_animation=&#8221;&#8221; qode_hover_animation=&#8221;zoom_in&#8221;][\/qode_elements_holder_item][qode_elements_holder_item advanced_animations=&#8221;no&#8221; item_padding_1280_1440=&#8221;0 0 130px 25px&#8221; item_padding_1024_1280=&#8221;0 0 50px 25px&#8221; item_padding_600_768=&#8221;40px 0px 0px 0px&#8221; item_padding_480=&#8221;40px 0px 0px 0px&#8221;][vc_column_text]<\/p>\n<h2>Tarjoamme kokonaisratkaisuja<\/h2>\n<p>[\/vc_column_text][vc_empty_space height=&#8221;27px&#8221;][vc_column_text]Hybrid-kaivon perusajatus on suojata ymp\u00e4rist\u00f6\u00e4, yksinkertaistaa asentamista ja tukea taloudellisesti tehokasta l\u00e4hestymistapaa k\u00e4ytt\u00e4m\u00e4ll\u00e4 kierr\u00e4tettyj\u00e4 ja kest\u00e4v\u00e4n kehityksen mukaisia materiaaleja; n\u00e4m\u00e4 kolme osa-aluetta ovat se keskeinen syy, jonka vuoksi asiakkaamme valitsevat meid\u00e4t. Ajan kuluessa eteenp\u00e4in ja Maapallon maiseman muuttuessa, ymm\u00e4rr\u00e4mme, ett\u00e4 ei ole ainoastaan innovatiivista, vaan my\u00f6skin tuiki tarpeellista keksi\u00e4 moderneja, kilpailukykyisi\u00e4 ja kest\u00e4vi\u00e4 tekniikoita, joilla parantaa salaoja- ja sadevesij\u00e4rjestelmi\u00e4.[\/vc_column_text][vc_empty_space height=&#8221;35px&#8221;][\/qode_elements_holder_item][\/qode_elements_holder][\/vc_column][\/vc_row][vc_row css_animation=&#8221;&#8221; row_type=&#8221;row&#8221; use_row_as_full_screen_section=&#8221;no&#8221; type=&#8221;grid&#8221; angled_section=&#8221;no&#8221; text_align=&#8221;left&#8221; background_image_as_pattern=&#8221;without_pattern&#8221; css=&#8221;.vc_custom_1536090469303{padding-top: 30px !important;padding-bottom: 60px !important;}&#8221; z_index=&#8221;&#8221;][vc_column][qode_elements_holder number_of_columns=&#8221;two_columns&#8221; switch_to_one_column=&#8221;1000&#8243;][qode_elements_holder_item advanced_animations=&#8221;no&#8221; item_padding_1280_1440=&#8221;0 25px 130px 0px&#8221; item_padding_1024_1280=&#8221;0 25px 50px 0px&#8221; item_padding_600_768=&#8221;40px 0px 0px 0px&#8221;][vc_column_text]<\/p>\n<h2>Arvomme<\/h2>\n<p>[\/vc_column_text][vc_empty_space height=&#8221;27px&#8221;][vc_column_text]Ydinarvomme heijastelevat visiotamme ja missiotamme. Arvomme perustuvat uniikille pohjalle, jonka jaamme asiakkaidemme kanssa: olemme kest\u00e4v\u00e4n kehityksen mukaisten viem\u00e4r\u00f6intij\u00e4rjestelmien tulevaisuus, ja se jos mik\u00e4 on konkreettinen perusta. Aiomme nostaa Hybrid-kaivon idean esille luomalla futuristisia tuotteita, jotka ylitt\u00e4v\u00e4t arkimielikuvituksen rajat, samalla pit\u00e4en kiinni Hybrid-j\u00e4rjestelm\u00e4n ydinideologiasta.[\/vc_column_text][vc_empty_space height=&#8221;35px&#8221;][\/qode_elements_holder_item][qode_elements_holder_item item_padding=&#8221;0 0px 0 25px&#8221; advanced_animations=&#8221;no&#8221; item_padding_600_768=&#8221;50px 0px 0 0px&#8221; item_padding_480=&#8221;50px 0px 0 0px&#8221;][vc_single_image image=&#8221;1543&#8243; img_size=&#8221;full&#8221; qode_css_animation=&#8221;&#8221; qode_hover_animation=&#8221;zoom_in&#8221;][\/qode_elements_holder_item][\/qode_elements_holder][\/vc_column][\/vc_row]<\/p>\n","protected":false},"excerpt":{"rendered":"<p>[vc_row css_animation=&#8221;&#8221; row_type=&#8221;row&#8221; use_row_as_full_screen_section=&#8221;no&#8221; type=&#8221;grid&#8221; angled_section=&#8221;no&#8221; text_align=&#8221;left&#8221; background_image_as_pattern=&#8221;without_pattern&#8221; css=&#8221;.vc_custom_1536090424876{padding-top: 100px !important;padding-bottom: 60px !important;}&#8221; z_index=&#8221;&#8221;][vc_column][qode_elements_holder number_of_columns=&#8221;two_columns&#8221; switch_to_one_column=&#8221;1000&#8243;][qode_elements_holder_item item_padding=&#8221;0 25px 0 0&#8243; advanced_animations=&#8221;no&#8221;][vc_single_image image=&#8221;1468&#8243; img_size=&#8221;full&#8221; qode_css_animation=&#8221;&#8221; qode_hover_animation=&#8221;zoom_in&#8221;][\/qode_elements_holder_item][qode_elements_holder_item advanced_animations=&#8221;no&#8221; item_padding_1280_1440=&#8221;0 0 130px 25px&#8221; item_padding_1024_1280=&#8221;0 0 50px 25px&#8221; item_padding_600_768=&#8221;40px 0px 0px 0px&#8221; item_padding_480=&#8221;40px 0px 0px 0px&#8221;][vc_column_text] Tarjoamme helppoutta [\/vc_column_text][vc_empty_space&#8230;<\/p>\n","protected":false},"author":1,"featured_media":0,"parent":0,"menu_order":0,"comment_status":"closed","ping_status":"closed","template":"","meta":{"footnotes":""},"_links":{"self":[{"href":"https:\/\/www.hybridsystem.ee\/fi\/wp-json\/wp\/v2\/pages\/1953"}],"collection":[{"href":"https:\/\/www.hybridsystem.ee\/fi\/wp-json\/wp\/v2\/pages"}],"about":[{"href":"https:\/\/www.hybridsystem.ee\/fi\/wp-json\/wp\/v2\/types\/page"}],"author":[{"embeddable":true,"href":"https:\/\/www.hybridsystem.ee\/fi\/wp-json\/wp\/v2\/users\/1"}],"replies":[{"embeddable":true,"href":"https:\/\/www.hybridsystem.ee\/fi\/wp-json\/wp\/v2\/comments?post=1953"}],"version-history":[{"count":2,"href":"https:\/\/www.hybridsystem.ee\/fi\/wp-json\/wp\/v2\/pages\/1953\/revisions"}],"predecessor-version":[{"id":1955,"href":"https:\/\/www.hybridsystem.ee\/fi\/wp-json\/wp\/v2\/pages\/1953\/revisions\/1955"}],"wp:attachment":[{"href":"https:\/\/www.hybridsystem.ee\/fi\/wp-json\/wp\/v2\/media?parent=1953"}],"curies":[{"name":"wp","href":"https:\/\/api.w.org\/{rel}","templated":true}]}}